{"id":13,"date":"2012-05-01T23:46:12","date_gmt":"2012-05-02T05:46:12","guid":{"rendered":"http:\/\/tsoyona.conlang.org\/?page_id=13"},"modified":"2017-01-18T05:12:53","modified_gmt":"2017-01-18T12:12:53","slug":"vocabulary","status":"publish","type":"page","link":"http:\/\/tsoyona.conlang.org\/?page_id=13","title":{"rendered":"Vocabulary"},"content":{"rendered":"<p align=\"center\"><strong><span style=\"text-decoration: underline;\">rr\u00e1p \u2018ay\u00e1 VOCABULARY<\/span><\/strong><\/p>\n<p align=\"center\"><strong><span style=\"text-decoration: underline;\"><br \/>\n<\/span><\/strong><\/p>\n<p><strong><span style=\"text-decoration: underline;\">NOUNS<\/span><\/strong><\/p>\n<p><strong><span style=\"text-decoration: underline;\"><br \/>\n<\/span><\/strong><\/p>\n<p><strong><span style=\"text-decoration: underline;\">\u2018<\/span><\/strong><\/p>\n<p>\u2018ay\u00e1 \u2013 child<\/p>\n<p>\u2018\u00e1s\u02bcu \u2013 house\/building where people live<\/p>\n<p>\u2018esay\u00e1 \u2013 semen (lit. that which causes a child to be)<\/p>\n<p>\u2018esesay\u00e1 \u2013 testicle (lit. that which makes semen)<\/p>\n<p>\u2018esuy\u00e9 \u2013 ovary (lit. that which makes an egg)<\/p>\n<p>\u2018\u00ed\u00e1x &#8211; name<\/p>\n<p>\u2018\u00ed\u00e1xt\u00e1 \u2013 \u201ctrue\u201d name (in the spiritual sense)<\/p>\n<p>\u2018\u00edkurr \u2013 eyelid (lit. that which covers the eye)<\/p>\n<p>\u2018ikurr \u2013 eyebrow (lit. that which is over the eye)<\/p>\n<p>\u2018oay\u00e1 \u2013 womb (lit. that which encloses a child)<\/p>\n<p>\u2018ovesesay\u00e1 \u2013 urethra (lit. that which allows access to the testicle)<\/p>\n<p>\u2018ovoay\u00e1 \u2013 vagina (lit. that which allows access to the womb)<\/p>\n<p>\u2018osok \u2013 car\/small vehicle<\/p>\n<p>\u2018uk &#8211; chin<\/p>\n<p>\u2018urr \u2013 eye<\/p>\n<p>\u2018uy\u00e9 \u2013 egg\/ovum<\/p>\n<p>&nbsp;<\/p>\n<p><span style=\"text-decoration: underline;\"><strong>Ch\u02bc<\/strong><\/span><\/p>\n<p>Ch\u2019\u00e1 \u2013 tooth<\/p>\n<p>&nbsp;<\/p>\n<p><strong><span style=\"text-decoration: underline;\">F<\/span><\/strong><\/p>\n<p>f\u02bcaw \u2013 thing\/item\/object<\/p>\n<p>&nbsp;<\/p>\n<p><strong><span style=\"text-decoration: underline;\">H<\/span><\/strong><\/p>\n<p>ha\u2019 \u2013 lung<\/p>\n<p>he\u2019 \u2013 ear<\/p>\n<p>hr\u00edv\u00e1 &#8211; night<\/p>\n<p>hrrto \u2013 man<\/p>\n<p>hru\u031d \u2013 neck<\/p>\n<p>hw\u00e9 \u2013 place<\/p>\n<p>hw\u00e9lo \u2013 sacred place<\/p>\n<p>hyon\u00e1 \u2013 sound<\/p>\n<p>hyon\u00e1u\u00e1 \u2013 music (lit. pretty sound)<\/p>\n<p>&nbsp;<\/p>\n<p><strong><span style=\"text-decoration: underline;\">K<\/span><\/strong><\/p>\n<p>k\u2019voy \u2013 sense of correctness\/pride\/righteousness<\/p>\n<p>kaw \u2013 back<\/p>\n<p>kivet\u2019 &#8211; time<\/p>\n<p>&nbsp;<\/p>\n<p><strong><span style=\"text-decoration: underline;\">L<\/span><\/strong><\/p>\n<p>l\u00e1 \u2013 tongue<\/p>\n<p>leno\u00e1 \u2013 cheek (lit. side of the mouth)<\/p>\n<p>lo\u00e1 \u2013 mouth (lit. that which encloses the tongue)<\/p>\n<p>&nbsp;<\/p>\n<p><strong><span style=\"text-decoration: underline;\">M<\/span><\/strong><\/p>\n<p>mba&#8217; \u2013 kind\/type<\/p>\n<p>mb\u00e9 \u2013 hair<\/p>\n<p>mm\u00e1 \u2013 lip<\/p>\n<p>mrraw \u2013 cat<\/p>\n<p>&nbsp;<\/p>\n<p><strong><span style=\"text-decoration: underline;\">N<\/span><\/strong><\/p>\n<p>ndaxa\u031d &#8211; grace<\/p>\n<p>ng\u00e1 \u2013 hand<\/p>\n<p>ng\u00edkmuk\u00e1 \u2013 fingernail (lit. that which covers the finger)<\/p>\n<p>ngmuk\u00e1 \u2013 finger (lit. part of the hand)<\/p>\n<p>ngna\u2019muk\u00e1 \u2013 knuckle(finger) (lit. that which bends the finger)<\/p>\n<p>ngun\u00e1 \u2013 palm (lit. bottom of hand)<\/p>\n<p>nk\u2019o &#8211; penis<\/p>\n<p>nkorr \u2013 head (lit. that which encloses the brain)<\/p>\n<p>nkanorr \u2013 crown (lit. top of the head)<\/p>\n<p>nkrr \u2013 brain<\/p>\n<p>nn\u00e1 \u2013 nose<\/p>\n<p>nnov\u00e1 \u2013 nostril (lit. that which allows access to the nose)<\/p>\n<p>nsat \u2013 body<\/p>\n<p>ns\u00edkat \u2013 skin (lit. that which covers the body)<\/p>\n<p>nsna\u2019at \u2013 hip (lit. that which bends the body)<\/p>\n<p>nt\u00e1rep \u2013 waist (lit. that which encircles the spine)<\/p>\n<p>ntep \u2013 spine<\/p>\n<p>nts\u00e1k &#8211; shoulder<\/p>\n<p>ntso\u2019ep \u2013 tail (lit. extension of the spine)<\/p>\n<p>&nbsp;<\/p>\n<p><strong><span style=\"text-decoration: underline;\">P<\/span><\/strong><\/p>\n<p>p&#8217;anso \u2013 buttock (lit. top of the leg)<\/p>\n<p>p\u2019\u00edksna\u2019o \u2013 kneecap (lit. that which covers the knee)<\/p>\n<p>p\u2019on &#8211; victory<\/p>\n<p>p\u2019so \u2013 leg<\/p>\n<p>p\u2019sna\u2019o &#8211; knee<\/p>\n<p>p\u2019so\u00edrr \u2013 upper leg<\/p>\n<p>p\u2019so\u00e1rr \u2013 lower leg<\/p>\n<p>p\u2019ts\u00e1k \u2013 arm<\/p>\n<p>p\u2019ts\u00e1k\u00edrr \u2013 upper arm<\/p>\n<p>p\u2019ts\u00e1k\u00e1rr \u2013 lower arm<\/p>\n<p>p\u2019tsna\u2019\u00e1k \u2013 elbow (that which bends the arm)<\/p>\n<p>po \u2013 breast<\/p>\n<p>povo \u2013 nipple (lit. that which allows access to the breast)<\/p>\n<p>prrki\u2019 \u2013 substance\/physicality\/matter<\/p>\n<p>&nbsp;<\/p>\n<p><strong><span style=\"text-decoration: underline;\">Rr<\/span><\/strong><\/p>\n<p>rr\u00e1 \u2013 voice\/person<\/p>\n<p>rres\u00e1 \u2013 larynx (\u2018es \u2013 make\/cause (to be) + rr\u00e1\u00e0 rr&lt;es&gt;\u00e1 \u2013 lit. make voice)<\/p>\n<p>rrf \u2013 dog<\/p>\n<p>rr\u00ed \u2013 foot<\/p>\n<p>rr\u00edkmuk\u00ed \u2013 toenail (lit. that which covers the toe)<\/p>\n<p>rrm \u2013 heart<\/p>\n<p>rrmuk\u00ed \u2013 toe (lit. part of the foot)<\/p>\n<p>rrna\u2019\u00ed \u2013 ankle (lit. that which bends the foot)<\/p>\n<p>rrna\u2019muk\u00ed \u2013 knuckle (toe) (lit. that which bends the toe)<\/p>\n<p>rro\u00e1 \u2013 throat (lit. that which encloses the voice)<\/p>\n<p>rrom \u2013 chest (lit. that which encloses the heart)<\/p>\n<p>rrov\u00e1m \u2013 navel (lit. that which allows access to the heart\/connection to mother)<\/p>\n<p>rrun\u00ed \u2013 sole (lit. bottom of the foot)<\/p>\n<p>&nbsp;<\/p>\n<p><strong><span style=\"text-decoration: underline;\">S<\/span><\/strong><\/p>\n<p>sou \u2013 abdomen (lit. that which encloses the entrails)<\/p>\n<p>sovu \u2013 anus (that which allows access to the entrails)<\/p>\n<p>su \u2013 entrails<\/p>\n<p>&nbsp;<\/p>\n<p><strong><span style=\"text-decoration: underline;\">Sh<\/span><\/strong><\/p>\n<p>&nbsp;<\/p>\n<p><strong><span style=\"text-decoration: underline;\">T<\/span><\/strong><\/p>\n<p>t&#8217;ok \u2013 face<\/p>\n<p>&nbsp;<\/p>\n<p><strong><span style=\"text-decoration: underline;\">Ts<\/span><\/strong><\/p>\n<p>tsamek \u2013 woman<\/p>\n<p>tsmukoyon\u00e1 &#8211; word<\/p>\n<p>tso \u2013 way\/path<\/p>\n<p>tsoyon\u00e1 &#8211; language (lit. sound path)<\/p>\n<p>&nbsp;<\/p>\n<p><strong><span style=\"text-decoration: underline;\">V<\/span><\/strong><\/p>\n<p>vin\u00e1k&#8217; \u2013 end<\/p>\n<p><strong><span style=\"text-decoration: underline;\"><br \/>\n<\/span><\/strong><\/p>\n<p><strong><span style=\"text-decoration: underline;\">X<\/span><\/strong><\/p>\n<p>xa\u031d \u2013 mind<\/p>\n<p>xova\u031d \u2013 forehead\/3<sup>rd<\/sup> eye (lit. that which allows access to the mind)<\/p>\n<p>&nbsp;<\/p>\n<p><strong><span style=\"text-decoration: underline;\">VERBS<\/span><\/strong><\/p>\n<p>&nbsp;<\/p>\n<p><strong><span style=\"text-decoration: underline;\">\u2018<\/span><\/strong><\/p>\n<p>\u2018es \u2013 cause (to be)\/make<\/p>\n<p>\u2018\u00edk \u2013 cover<\/p>\n<p>\u2018o &#8211; enclose<\/p>\n<p>\u2018ov \u2013 allow access<\/p>\n<p>&nbsp;<\/p>\n<p><strong><span style=\"text-decoration: underline;\">Ch\u02bc<\/span><\/strong><\/p>\n<p>Ch\u02bcos\u02bc &#8211; curse\/damn<\/p>\n<p><strong><span style=\"text-decoration: underline;\">F<\/span><\/strong><\/p>\n<p>&nbsp;<\/p>\n<p><strong><span style=\"text-decoration: underline;\">H<\/span><\/strong><\/p>\n<p>himm &#8211; drift\/float (on air)<\/p>\n<p>h\u00edmm &#8211; drift\/float (on\/in liquid)<\/p>\n<p>hw\u00e1 &#8211; wait<\/p>\n<p>hw\u00e1set\u2019 &#8211; fade\/wane\/decrease<\/p>\n<p>hwet\u2019\u00e9 &#8211; increase\/wax<\/p>\n<p>hyohye&#8217; \u2013 give<\/p>\n<p>hyorren &#8211; bring\/carry<\/p>\n<p>&nbsp;<\/p>\n<p>&nbsp;<\/p>\n<p>&nbsp;<\/p>\n<p><strong><span style=\"text-decoration: underline;\">K<\/span><\/strong><\/p>\n<p>&nbsp;<\/p>\n<p><strong><span style=\"text-decoration: underline;\">L<\/span><\/strong><\/p>\n<p>Lim &#8211; help<\/p>\n<p>&nbsp;<\/p>\n<p><strong><span style=\"text-decoration: underline;\">M<\/span><\/strong><\/p>\n<p>mbrr &#8211; run<\/p>\n<p>&nbsp;<\/p>\n<p><strong><span style=\"text-decoration: underline;\">N<\/span><\/strong><\/p>\n<p>na&#8217; \u2013 bend<\/p>\n<p>ndolo \u2013 share<\/p>\n<p>ndolo rrm \u2013 love (lit. share a heart)<\/p>\n<p>ndoxo \u2013 lift<\/p>\n<p>ngennen \u2013 to summon<\/p>\n<p>ntolo \u2013 to exist<\/p>\n<p>ntoxo \u2013 to acknowledge<\/p>\n<p>&nbsp;<\/p>\n<p><strong><span style=\"text-decoration: underline;\">P<\/span><\/strong><\/p>\n<p>&nbsp;<\/p>\n<p><strong><span style=\"text-decoration: underline;\">Rr<\/span><\/strong><\/p>\n<p>&nbsp;<\/p>\n<p><strong><span style=\"text-decoration: underline;\">S<\/span><\/strong><\/p>\n<p>&nbsp;<\/p>\n<p><strong><span style=\"text-decoration: underline;\">T<\/span><\/strong><\/p>\n<p>&nbsp;<\/p>\n<p><strong><span style=\"text-decoration: underline;\">Ts<\/span><\/strong><\/p>\n<p>tsek &#8211; do<\/p>\n<p><strong><span style=\"text-decoration: underline;\"><br \/>\n<\/span><\/strong><\/p>\n<p><strong><span style=\"text-decoration: underline;\">V<\/span><\/strong><\/p>\n<p>&nbsp;<\/p>\n<p><strong><span style=\"text-decoration: underline;\">X<\/span><\/strong><\/p>\n<p>&nbsp;<\/p>\n<p><strong><span style=\"text-decoration: underline;\">Y<\/span><\/strong><\/p>\n<p>yvet\u02bc \u00a0&#8211; to have<\/p>\n","protected":false},"excerpt":{"rendered":"<p>rr\u00e1p \u2018ay\u00e1 VOCABULARY NOUNS \u2018 \u2018ay\u00e1 \u2013 child \u2018\u00e1s\u02bcu \u2013 house\/building where people live \u2018esay\u00e1 \u2013 semen (lit. that which causes a child to be) \u2018esesay\u00e1 \u2013 testicle (lit. that which makes semen) \u2018esuy\u00e9 \u2013 ovary (lit. that which makes an egg) \u2018\u00ed\u00e1x &#8211; name \u2018\u00ed\u00e1xt\u00e1 \u2013 \u201ctrue\u201d name (in the spiritual sense) \u2018\u00edkurr \u2013 [&hellip;]<\/p>\n","protected":false},"author":1,"featured_media":0,"parent":0,"menu_order":0,"comment_status":"open","ping_status":"open","template":"","meta":{"footnotes":""},"class_list":["post-13","page","type-page","status-publish","hentry"],"_links":{"self":[{"href":"http:\/\/tsoyona.conlang.org\/index.php?rest_route=\/wp\/v2\/pages\/13","targetHints":{"allow":["GET"]}}],"collection":[{"href":"http:\/\/tsoyona.conlang.org\/index.php?rest_route=\/wp\/v2\/pages"}],"about":[{"href":"http:\/\/tsoyona.conlang.org\/index.php?rest_route=\/wp\/v2\/types\/page"}],"author":[{"embeddable":true,"href":"http:\/\/tsoyona.conlang.org\/index.php?rest_route=\/wp\/v2\/users\/1"}],"replies":[{"embeddable":true,"href":"http:\/\/tsoyona.conlang.org\/index.php?rest_route=%2Fwp%2Fv2%2Fcomments&post=13"}],"version-history":[{"count":6,"href":"http:\/\/tsoyona.conlang.org\/index.php?rest_route=\/wp\/v2\/pages\/13\/revisions"}],"predecessor-version":[{"id":45,"href":"http:\/\/tsoyona.conlang.org\/index.php?rest_route=\/wp\/v2\/pages\/13\/revisions\/45"}],"wp:attachment":[{"href":"http:\/\/tsoyona.conlang.org\/index.php?rest_route=%2Fwp%2Fv2%2Fmedia&parent=13"}],"curies":[{"name":"wp","href":"https:\/\/api.w.org\/{rel}","templated":true}]}}